{"id":1223,"date":"2023-11-15T11:56:41","date_gmt":"2023-11-15T11:56:41","guid":{"rendered":"https:\/\/sistersstoree.com\/?post_type=product&#038;p=1223"},"modified":"2023-12-02T08:21:22","modified_gmt":"2023-12-02T08:21:22","slug":"bomber-tuvid-takim-siyah","status":"publish","type":"product","link":"https:\/\/sistersstoree.com\/?product=bomber-tuvid-takim-siyah","title":{"rendered":"BOMBER TUV\u0130D TAKIM &#8211; S\u0130YAH"},"content":{"rendered":"","protected":false},"excerpt":{"rendered":"<p>\u00d6zel tasar\u0131m ceket etek tak\u0131m\u0131m\u0131z tuvid (chanel) kuma\u015ftan \u00fcretilmi\u015ftir ceket 50 cm etek  95 cmdir standart bedendir\u00a01.199\u20ba\u00a0dir<\/p>\n","protected":false},"featured_media":1227,"comment_status":"open","ping_status":"closed","template":"","meta":[],"product_cat":[21,27,22,26],"product_tag":[],"class_list":{"0":"post-1223","1":"product","2":"type-product","3":"status-publish","4":"has-post-thumbnail","6":"product_cat-genel","7":"product_cat-cok-satanlar","8":"product_cat-takimlar","9":"product_cat-yeni-urunler","10":"rishi-post","12":"first","13":"instock","14":"sale","15":"shipping-taxable","16":"purchasable","17":"product-type-simple"},"_links":{"self":[{"href":"https:\/\/sistersstoree.com\/index.php?rest_route=\/wp\/v2\/product\/1223","targetHints":{"allow":["GET"]}}],"collection":[{"href":"https:\/\/sistersstoree.com\/index.php?rest_route=\/wp\/v2\/product"}],"about":[{"href":"https:\/\/sistersstoree.com\/index.php?rest_route=\/wp\/v2\/types\/product"}],"replies":[{"embeddable":true,"href":"https:\/\/sistersstoree.com\/index.php?rest_route=%2Fwp%2Fv2%2Fcomments&post=1223"}],"wp:featuredmedia":[{"embeddable":true,"href":"https:\/\/sistersstoree.com\/index.php?rest_route=\/wp\/v2\/media\/1227"}],"wp:attachment":[{"href":"https:\/\/sistersstoree.com\/index.php?rest_route=%2Fwp%2Fv2%2Fmedia&parent=1223"}],"wp:term":[{"taxonomy":"product_cat","embeddable":true,"href":"https:\/\/sistersstoree.com\/index.php?rest_route=%2Fwp%2Fv2%2Fproduct_cat&post=1223"},{"taxonomy":"product_tag","embeddable":true,"href":"https:\/\/sistersstoree.com\/index.php?rest_route=%2Fwp%2Fv2%2Fproduct_tag&post=1223"}],"curies":[{"name":"wp","href":"https:\/\/api.w.org\/{rel}","templated":true}]}}