{"id":1378,"date":"2023-11-17T11:18:28","date_gmt":"2023-11-17T11:18:28","guid":{"rendered":"https:\/\/sistersstoree.com\/?post_type=product&#038;p=1378"},"modified":"2023-12-02T07:53:44","modified_gmt":"2023-12-02T07:53:44","slug":"biyeli-3-iplik-takim","status":"publish","type":"product","link":"https:\/\/sistersstoree.com\/?product=biyeli-3-iplik-takim","title":{"rendered":"COMFORT TAKIM"},"content":{"rendered":"","protected":false},"excerpt":{"rendered":"<p>\u00d6zel tasar\u0131m spor etek tak\u0131m etek 100 cm \u00fcst 45 cm 3 iplik pamuk kuma\u015ftan \u00fcretilmi\u015ftir.<\/p>\n","protected":false},"featured_media":1560,"comment_status":"open","ping_status":"closed","template":"","meta":[],"product_cat":[21,27,22,26],"product_tag":[],"class_list":{"0":"post-1378","1":"product","2":"type-product","3":"status-publish","4":"has-post-thumbnail","6":"product_cat-genel","7":"product_cat-cok-satanlar","8":"product_cat-takimlar","9":"product_cat-yeni-urunler","10":"rishi-post","12":"first","13":"instock","14":"sale","15":"shipping-taxable","16":"purchasable","17":"product-type-variable","18":"rtwpvg-product"},"_links":{"self":[{"href":"https:\/\/sistersstoree.com\/index.php?rest_route=\/wp\/v2\/product\/1378","targetHints":{"allow":["GET"]}}],"collection":[{"href":"https:\/\/sistersstoree.com\/index.php?rest_route=\/wp\/v2\/product"}],"about":[{"href":"https:\/\/sistersstoree.com\/index.php?rest_route=\/wp\/v2\/types\/product"}],"replies":[{"embeddable":true,"href":"https:\/\/sistersstoree.com\/index.php?rest_route=%2Fwp%2Fv2%2Fcomments&post=1378"}],"wp:featuredmedia":[{"embeddable":true,"href":"https:\/\/sistersstoree.com\/index.php?rest_route=\/wp\/v2\/media\/1560"}],"wp:attachment":[{"href":"https:\/\/sistersstoree.com\/index.php?rest_route=%2Fwp%2Fv2%2Fmedia&parent=1378"}],"wp:term":[{"taxonomy":"product_cat","embeddable":true,"href":"https:\/\/sistersstoree.com\/index.php?rest_route=%2Fwp%2Fv2%2Fproduct_cat&post=1378"},{"taxonomy":"product_tag","embeddable":true,"href":"https:\/\/sistersstoree.com\/index.php?rest_route=%2Fwp%2Fv2%2Fproduct_tag&post=1378"}],"curies":[{"name":"wp","href":"https:\/\/api.w.org\/{rel}","templated":true}]}}