{"id":1769,"date":"2023-12-05T11:36:58","date_gmt":"2023-12-05T11:36:58","guid":{"rendered":"https:\/\/sistersstoree.com\/?post_type=product&#038;p=1769"},"modified":"2023-12-10T21:12:28","modified_gmt":"2023-12-10T21:12:28","slug":"biyeli-kaban","status":"publish","type":"product","link":"https:\/\/sistersstoree.com\/?product=biyeli-kaban","title":{"rendered":"ELEGAN B\u0130YEL\u0130 KABAN"},"content":{"rendered":"<p style=\"text-align: left;\">Ka\u015fe kuma\u015ft\u0131r.<\/p>\n<p>Astars\u0131zd\u0131r<\/p>\n<p>sonbahar &#8211; k\u0131\u015f mevsiminde kullan\u0131ma uygundur<\/p>\n<p>125 cmdir<\/p>\n<p>Standart bedendir (36-42)<\/p>\n","protected":false},"excerpt":{"rendered":"<p>Ka\u015fe kuma\u015ft\u0131r. Astars\u0131zd\u0131r sonbahar &#8211; k\u0131\u015f mevsiminde kullan\u0131ma uygundur 125 cmdir Standart bedendir (36-42)<\/p>\n","protected":false},"featured_media":1477,"comment_status":"open","ping_status":"closed","template":"","meta":[],"product_cat":[27,23],"product_tag":[],"class_list":{"0":"post-1769","1":"product","2":"type-product","3":"status-publish","4":"has-post-thumbnail","6":"product_cat-cok-satanlar","7":"product_cat-kaban","8":"rishi-post","10":"first","11":"instock","12":"sale","13":"shipping-taxable","14":"purchasable","15":"product-type-variable","16":"rtwpvg-product"},"_links":{"self":[{"href":"https:\/\/sistersstoree.com\/index.php?rest_route=\/wp\/v2\/product\/1769","targetHints":{"allow":["GET"]}}],"collection":[{"href":"https:\/\/sistersstoree.com\/index.php?rest_route=\/wp\/v2\/product"}],"about":[{"href":"https:\/\/sistersstoree.com\/index.php?rest_route=\/wp\/v2\/types\/product"}],"replies":[{"embeddable":true,"href":"https:\/\/sistersstoree.com\/index.php?rest_route=%2Fwp%2Fv2%2Fcomments&post=1769"}],"wp:featuredmedia":[{"embeddable":true,"href":"https:\/\/sistersstoree.com\/index.php?rest_route=\/wp\/v2\/media\/1477"}],"wp:attachment":[{"href":"https:\/\/sistersstoree.com\/index.php?rest_route=%2Fwp%2Fv2%2Fmedia&parent=1769"}],"wp:term":[{"taxonomy":"product_cat","embeddable":true,"href":"https:\/\/sistersstoree.com\/index.php?rest_route=%2Fwp%2Fv2%2Fproduct_cat&post=1769"},{"taxonomy":"product_tag","embeddable":true,"href":"https:\/\/sistersstoree.com\/index.php?rest_route=%2Fwp%2Fv2%2Fproduct_tag&post=1769"}],"curies":[{"name":"wp","href":"https:\/\/api.w.org\/{rel}","templated":true}]}}