{"id":1869,"date":"2024-02-09T12:15:01","date_gmt":"2024-02-09T12:15:01","guid":{"rendered":"https:\/\/sistersstoree.com\/?post_type=product&#038;p=1869"},"modified":"2024-05-21T18:17:40","modified_gmt":"2024-05-21T18:17:40","slug":"linda-abiye-2","status":"publish","type":"product","link":"https:\/\/sistersstoree.com\/?product=linda-abiye-2","title":{"rendered":"L\u0130NDA AB\u0130YE"},"content":{"rendered":"<p>Abiyemiz saten kuma\u015ft\u0131r astars\u0131zd\u0131r i\u00e7 g\u00f6stermez balon koldur d\u00fc\u011fmeleri kuma\u015f kaplamad\u0131r. Standart bedendir 38-46 beden uyumludur.<\/p>\n<p>Boyu 140 cmdir<\/p>\n","protected":false},"excerpt":{"rendered":"<p>Abiyemiz saten kuma\u015ft\u0131r astars\u0131zd\u0131r i\u00e7 g\u00f6stermez balon koldur d\u00fc\u011fmeleri kuma\u015f kaplamad\u0131r. Standart bedendir 38-46 beden uyumludur. Boyu 140 cmdir<\/p>\n","protected":false},"featured_media":1881,"comment_status":"open","ping_status":"closed","template":"","meta":[],"product_cat":[27,24],"product_tag":[],"class_list":{"0":"post-1869","1":"product","2":"type-product","3":"status-publish","4":"has-post-thumbnail","6":"product_cat-cok-satanlar","7":"product_cat-elbise","8":"rishi-post","10":"first","11":"instock","12":"sale","13":"shipping-taxable","14":"purchasable","15":"product-type-variable","16":"has-default-attributes","17":"rtwpvg-product"},"_links":{"self":[{"href":"https:\/\/sistersstoree.com\/index.php?rest_route=\/wp\/v2\/product\/1869","targetHints":{"allow":["GET"]}}],"collection":[{"href":"https:\/\/sistersstoree.com\/index.php?rest_route=\/wp\/v2\/product"}],"about":[{"href":"https:\/\/sistersstoree.com\/index.php?rest_route=\/wp\/v2\/types\/product"}],"replies":[{"embeddable":true,"href":"https:\/\/sistersstoree.com\/index.php?rest_route=%2Fwp%2Fv2%2Fcomments&post=1869"}],"wp:featuredmedia":[{"embeddable":true,"href":"https:\/\/sistersstoree.com\/index.php?rest_route=\/wp\/v2\/media\/1881"}],"wp:attachment":[{"href":"https:\/\/sistersstoree.com\/index.php?rest_route=%2Fwp%2Fv2%2Fmedia&parent=1869"}],"wp:term":[{"taxonomy":"product_cat","embeddable":true,"href":"https:\/\/sistersstoree.com\/index.php?rest_route=%2Fwp%2Fv2%2Fproduct_cat&post=1869"},{"taxonomy":"product_tag","embeddable":true,"href":"https:\/\/sistersstoree.com\/index.php?rest_route=%2Fwp%2Fv2%2Fproduct_tag&post=1869"}],"curies":[{"name":"wp","href":"https:\/\/api.w.org\/{rel}","templated":true}]}}