{"id":1931,"date":"2024-03-03T11:17:12","date_gmt":"2024-03-03T11:17:12","guid":{"rendered":"https:\/\/sistersstoree.com\/?post_type=product&#038;p=1931"},"modified":"2024-05-19T20:37:38","modified_gmt":"2024-05-19T20:37:38","slug":"capsul-trenckot","status":"publish","type":"product","link":"https:\/\/sistersstoree.com\/?product=capsul-trenckot","title":{"rendered":"CAPSUL TREN\u00c7 ELB\u0130SE"},"content":{"rendered":"<p>\u00dcr\u00fcn\u00fcm\u00fcz 1. Kalite Gabardin kuma\u015ft\u0131r. Standart bedendir. Oversize kal\u0131pt\u0131r<\/p>\n<p>125cmdir<\/p>\n<p>38- 46 beden uyumludur<\/p>\n<p>yakas\u0131n\u0131 \u00a0tak &#8211; \u00e7\u0131kart olarak kullanabilirsiniz .<\/p>\n<p>&nbsp;<\/p>\n","protected":false},"excerpt":{"rendered":"<p>%100pamuk gabardin<br \/>\nmevsimlik kullan\u0131ma uygundur<br \/>\n125cm\u2019dir <\/p>\n","protected":false},"featured_media":2327,"comment_status":"open","ping_status":"closed","template":"","meta":[],"product_cat":[26],"product_tag":[],"class_list":{"0":"post-1931","1":"product","2":"type-product","3":"status-publish","4":"has-post-thumbnail","6":"product_cat-yeni-urunler","7":"rishi-post","9":"first","10":"instock","11":"sale","12":"shipping-taxable","13":"purchasable","14":"product-type-variable","15":"rtwpvg-product"},"_links":{"self":[{"href":"https:\/\/sistersstoree.com\/index.php?rest_route=\/wp\/v2\/product\/1931","targetHints":{"allow":["GET"]}}],"collection":[{"href":"https:\/\/sistersstoree.com\/index.php?rest_route=\/wp\/v2\/product"}],"about":[{"href":"https:\/\/sistersstoree.com\/index.php?rest_route=\/wp\/v2\/types\/product"}],"replies":[{"embeddable":true,"href":"https:\/\/sistersstoree.com\/index.php?rest_route=%2Fwp%2Fv2%2Fcomments&post=1931"}],"wp:featuredmedia":[{"embeddable":true,"href":"https:\/\/sistersstoree.com\/index.php?rest_route=\/wp\/v2\/media\/2327"}],"wp:attachment":[{"href":"https:\/\/sistersstoree.com\/index.php?rest_route=%2Fwp%2Fv2%2Fmedia&parent=1931"}],"wp:term":[{"taxonomy":"product_cat","embeddable":true,"href":"https:\/\/sistersstoree.com\/index.php?rest_route=%2Fwp%2Fv2%2Fproduct_cat&post=1931"},{"taxonomy":"product_tag","embeddable":true,"href":"https:\/\/sistersstoree.com\/index.php?rest_route=%2Fwp%2Fv2%2Fproduct_tag&post=1931"}],"curies":[{"name":"wp","href":"https:\/\/api.w.org\/{rel}","templated":true}]}}