{"id":1989,"date":"2024-03-31T14:45:06","date_gmt":"2024-03-31T14:45:06","guid":{"rendered":"https:\/\/sistersstoree.com\/?post_type=product&#038;p=1989"},"modified":"2024-07-06T15:11:01","modified_gmt":"2024-07-06T15:11:01","slug":"liza-elbise","status":"publish","type":"product","link":"https:\/\/sistersstoree.com\/?product=liza-elbise","title":{"rendered":"TENSEL L\u0130ZA ELB\u0130SE"},"content":{"rendered":"","protected":false},"excerpt":{"rendered":"<p>Pamuklu Tensel Keten Kuma\u015ft\u0131r.<br \/>\n\u0130\u00e7 G\u00f6stermez, astars\u0131z kullan\u0131l\u0131r.<br \/>\nYakas\u0131 seyyard\u0131r, tak\u0131p \u00e7\u0131kar\u0131labilir.<\/p>\n<p>135 cmdir<br \/>\nstandart bedendir<br \/>\n36-42 beden uyumludur<\/p>\n","protected":false},"featured_media":1993,"comment_status":"open","ping_status":"closed","template":"","meta":[],"product_cat":[21],"product_tag":[],"class_list":{"0":"post-1989","1":"product","2":"type-product","3":"status-publish","4":"has-post-thumbnail","6":"product_cat-genel","7":"rishi-post","9":"first","10":"instock","11":"sale","12":"shipping-taxable","13":"purchasable","14":"product-type-variable","15":"rtwpvg-product"},"_links":{"self":[{"href":"https:\/\/sistersstoree.com\/index.php?rest_route=\/wp\/v2\/product\/1989","targetHints":{"allow":["GET"]}}],"collection":[{"href":"https:\/\/sistersstoree.com\/index.php?rest_route=\/wp\/v2\/product"}],"about":[{"href":"https:\/\/sistersstoree.com\/index.php?rest_route=\/wp\/v2\/types\/product"}],"replies":[{"embeddable":true,"href":"https:\/\/sistersstoree.com\/index.php?rest_route=%2Fwp%2Fv2%2Fcomments&post=1989"}],"wp:featuredmedia":[{"embeddable":true,"href":"https:\/\/sistersstoree.com\/index.php?rest_route=\/wp\/v2\/media\/1993"}],"wp:attachment":[{"href":"https:\/\/sistersstoree.com\/index.php?rest_route=%2Fwp%2Fv2%2Fmedia&parent=1989"}],"wp:term":[{"taxonomy":"product_cat","embeddable":true,"href":"https:\/\/sistersstoree.com\/index.php?rest_route=%2Fwp%2Fv2%2Fproduct_cat&post=1989"},{"taxonomy":"product_tag","embeddable":true,"href":"https:\/\/sistersstoree.com\/index.php?rest_route=%2Fwp%2Fv2%2Fproduct_tag&post=1989"}],"curies":[{"name":"wp","href":"https:\/\/api.w.org\/{rel}","templated":true}]}}