{"id":2159,"date":"2024-05-15T11:38:42","date_gmt":"2024-05-15T11:38:42","guid":{"rendered":"https:\/\/sistersstoree.com\/?post_type=product&#038;p=2159"},"modified":"2025-03-17T20:25:05","modified_gmt":"2025-03-17T20:25:05","slug":"glass-takim","status":"publish","type":"product","link":"https:\/\/sistersstoree.com\/?product=glass-takim","title":{"rendered":"GLASS TAKIM"},"content":{"rendered":"","protected":false},"excerpt":{"rendered":"<p>ceket 45cm<\/p>\n<p>etek 95cm<\/p>\n<p>krep kuma\u015f<\/p>\n<p>\u00f6nden \u00e7\u0131t\u00e7\u0131tl\u0131d\u0131r<\/p>\n<p>ete\u011fin arkas\u0131 lastiklidir<\/p>\n<p>36-42 beden uyumlu<\/p>\n<p>&nbsp;<\/p>\n","protected":false},"featured_media":2160,"comment_status":"open","ping_status":"closed","template":"","meta":[],"product_cat":[21,27,22,26],"product_tag":[],"class_list":{"0":"post-2159","1":"product","2":"type-product","3":"status-publish","4":"has-post-thumbnail","6":"product_cat-genel","7":"product_cat-cok-satanlar","8":"product_cat-takimlar","9":"product_cat-yeni-urunler","10":"rishi-post","12":"first","13":"instock","14":"sale","15":"shipping-taxable","16":"purchasable","17":"product-type-variable","18":"rtwpvg-product"},"_links":{"self":[{"href":"https:\/\/sistersstoree.com\/index.php?rest_route=\/wp\/v2\/product\/2159","targetHints":{"allow":["GET"]}}],"collection":[{"href":"https:\/\/sistersstoree.com\/index.php?rest_route=\/wp\/v2\/product"}],"about":[{"href":"https:\/\/sistersstoree.com\/index.php?rest_route=\/wp\/v2\/types\/product"}],"replies":[{"embeddable":true,"href":"https:\/\/sistersstoree.com\/index.php?rest_route=%2Fwp%2Fv2%2Fcomments&post=2159"}],"wp:featuredmedia":[{"embeddable":true,"href":"https:\/\/sistersstoree.com\/index.php?rest_route=\/wp\/v2\/media\/2160"}],"wp:attachment":[{"href":"https:\/\/sistersstoree.com\/index.php?rest_route=%2Fwp%2Fv2%2Fmedia&parent=2159"}],"wp:term":[{"taxonomy":"product_cat","embeddable":true,"href":"https:\/\/sistersstoree.com\/index.php?rest_route=%2Fwp%2Fv2%2Fproduct_cat&post=2159"},{"taxonomy":"product_tag","embeddable":true,"href":"https:\/\/sistersstoree.com\/index.php?rest_route=%2Fwp%2Fv2%2Fproduct_tag&post=2159"}],"curies":[{"name":"wp","href":"https:\/\/api.w.org\/{rel}","templated":true}]}}