{"id":2731,"date":"2024-12-12T14:50:27","date_gmt":"2024-12-12T14:50:27","guid":{"rendered":"https:\/\/sistersstoree.com\/?post_type=product&#038;p=2731"},"modified":"2024-12-12T14:50:27","modified_gmt":"2024-12-12T14:50:27","slug":"cepli-kase-takim","status":"publish","type":"product","link":"https:\/\/sistersstoree.com\/?product=cepli-kase-takim","title":{"rendered":"Cepli Ka\u015fe Tak\u0131m"},"content":{"rendered":"<p>orta kal\u0131nl\u0131ktad\u0131r.<br \/>\nmevsim ge\u00e7i\u015flerinde kullan\u0131ma uygundur.<br \/>\netek 100com ceket 50cm<\/p>\n","protected":false},"excerpt":{"rendered":"<p>orta kal\u0131nl\u0131ktad\u0131r. mevsim ge\u00e7i\u015flerinde kullan\u0131ma uygundur. etek 100com ceket 50cm<\/p>\n","protected":false},"featured_media":2733,"comment_status":"open","ping_status":"closed","template":"","meta":[],"product_cat":[21],"product_tag":[],"class_list":{"0":"post-2731","1":"product","2":"type-product","3":"status-publish","4":"has-post-thumbnail","6":"product_cat-genel","7":"rishi-post","9":"first","10":"instock","11":"sale","12":"shipping-taxable","13":"purchasable","14":"product-type-variable","15":"rtwpvg-product"},"_links":{"self":[{"href":"https:\/\/sistersstoree.com\/index.php?rest_route=\/wp\/v2\/product\/2731","targetHints":{"allow":["GET"]}}],"collection":[{"href":"https:\/\/sistersstoree.com\/index.php?rest_route=\/wp\/v2\/product"}],"about":[{"href":"https:\/\/sistersstoree.com\/index.php?rest_route=\/wp\/v2\/types\/product"}],"replies":[{"embeddable":true,"href":"https:\/\/sistersstoree.com\/index.php?rest_route=%2Fwp%2Fv2%2Fcomments&post=2731"}],"wp:featuredmedia":[{"embeddable":true,"href":"https:\/\/sistersstoree.com\/index.php?rest_route=\/wp\/v2\/media\/2733"}],"wp:attachment":[{"href":"https:\/\/sistersstoree.com\/index.php?rest_route=%2Fwp%2Fv2%2Fmedia&parent=2731"}],"wp:term":[{"taxonomy":"product_cat","embeddable":true,"href":"https:\/\/sistersstoree.com\/index.php?rest_route=%2Fwp%2Fv2%2Fproduct_cat&post=2731"},{"taxonomy":"product_tag","embeddable":true,"href":"https:\/\/sistersstoree.com\/index.php?rest_route=%2Fwp%2Fv2%2Fproduct_tag&post=2731"}],"curies":[{"name":"wp","href":"https:\/\/api.w.org\/{rel}","templated":true}]}}